{"id":968,"date":"2024-10-18T06:37:01","date_gmt":"2024-10-18T06:37:01","guid":{"rendered":"https:\/\/morinproject-eu.com\/?page_id=968"},"modified":"2024-10-18T06:43:46","modified_gmt":"2024-10-18T06:43:46","slug":"project-management-structure","status":"publish","type":"page","link":"https:\/\/morinproject-eu.com\/?page_id=968","title":{"rendered":"Project Management Structure"},"content":{"rendered":"\t\t<div data-elementor-type=\"wp-page\" data-elementor-id=\"968\" class=\"elementor elementor-968\">\n\t\t\t\t<div class=\"elementor-element elementor-element-713c7a2 e-flex e-con-boxed e-con e-parent\" data-id=\"713c7a2\" data-element_type=\"container\" data-e-type=\"container\">\n\t\t\t\t\t<div class=\"e-con-inner\">\n\t\t\t\t<div class=\"elementor-element elementor-element-e5f6811 elementor-widget-divider--view-line elementor-widget elementor-widget-divider\" data-id=\"e5f6811\" data-element_type=\"widget\" data-e-type=\"widget\" data-widget_type=\"divider.default\">\n\t\t\t\t<div class=\"elementor-widget-container\">\n\t\t\t\t\t\t\t<div class=\"elementor-divider\">\n\t\t\t<span class=\"elementor-divider-separator\">\n\t\t\t\t\t\t<\/span>\n\t\t<\/div>\n\t\t\t\t\t\t<\/div>\n\t\t\t\t<\/div>\n\t\t\t\t\t<\/div>\n\t\t\t\t<\/div>\n\t\t<div class=\"elementor-element elementor-element-2203691 e-flex e-con-boxed e-con e-parent\" data-id=\"2203691\" data-element_type=\"container\" data-e-type=\"container\">\n\t\t\t\t\t<div class=\"e-con-inner\">\n\t\t\t\t<div class=\"elementor-element elementor-element-2cdf2ba0 elementor-widget elementor-widget-text-editor\" data-id=\"2cdf2ba0\" data-element_type=\"widget\" data-e-type=\"widget\" data-widget_type=\"text-editor.default\">\n\t\t\t\t<div class=\"elementor-widget-container\">\n\t\t\t\t\t\t\t\t\t<h4>The project management structure is composed of several bodies whose work is coordinated to make sure that all project activities are realised and results are successfully obtained.<\/h4>\n<p><b>The Steering Committee (SC) is the highest management body for the MORIN project. It is composed of 8 members, one person per HEI sitting (the contact person for each), and includes the following representatives:<\/b><\/p>\n<p>1. Assoc. Prof. Armela Panajoti, University of Vlora \u201cIsmail Qemali,&#8221; Albania, project coordinator<br>2. Dardane Nuka, European University of Tirana, Albania<br>3. Diana Biba, Professional College of Tirana, Albania<br>4. Assoc. prof. Aleksandar Takovski, AAB College, Kosovo*<br>5. Atdhe Kabashi, Biznesi College, Kosovo*<br>6. Prof. dr. Vesna Lopicic, University of Nis, Serbia<br>7. doc. Mgr. Pavl\u00edna Flaj\u0161arov\u00e1, Ph.D., Palacky University in Olomouc, Czech Republic<br>8. Prof. dr. Irina Petrovska, University St Kliment Ohridski, Bitola, North Macedonia<\/p>\n<ul>\n<li><b>The Quality Assurance Committee (QAC) is responsible for ensuring the proper evaluation, control, monitoring, and improvement of project deliverables. It is composed of 8 representatives, one person per HEI sitting, other than the contact person. The members of the QAC are:<\/b><\/li>\n<\/ul>\n<p>1. Assoc. Prof. Bledar Toska, University of Vlora \u201cIsmail Qemali,&#8221; Albania, project coordinator<br>2. Elda Papa, European University of Tirana, Albania<br>3. Jola Kamberaj, Professional College of Tirana, Albania<br>4. Ersan Hamdiu, AAB College, Kosovo*<br>5. Zahir Arifovic, Biznesi College, Kosovo*<br>6. Dr. Darko Mitic, University of Nis, Serbia<br>7. PhDr. Eva Klimentov\u00e1, Ph.D., Palacky University in Olomouc, Czech Republic<br>8. Prof. Dr. Saso Korunovski, University St Kliment Ohridski, Bitola, North Macedonia<\/p>\n<ul>\n<li><b>The International Advisory Committee (IAC) is a body of advisory role composed by a small group of international experts on academic recognition, learning outcomes, and internationalisation of HE outside the consortium and invited by consortium members to willingly provide external independent guidance and advice on the project objectives and its deliverables. They were identified during the first consortium meeting (18\u201319 January 2024 in Vlora, Albania) and include:<\/b><\/li>\n<\/ul>\n<p>1. Mariusz Librowski, Spark Foundation, Poland<br>2. Joanna Smoluk Stachowska, PhD, Academy of Applied Sceinces TWP Szczecin, Poland<br>3. Prof. Miriam Bait, Universit\u00e0 degli Studi di Milano<br>4. Prof. Jovanka Lazarevska-Stanchevska, \u201cSs Cyril and Methodius\u201d University of Skopje<br>5. Assoc. Prof. Du\u0161an Stamenkovi\u0107, S\u00f6dert\u00f6rn University, Sweden<\/p>\n<h5>Partner Teams (PTs) are work groups set up by each partner, headed by the contact person, in order to coordinate, monitor, and manage project activities within their institution.<\/h5>\n<p><img fetchpriority=\"high\" decoding=\"async\" class=\" wp-image-969 aligncenter\" src=\"https:\/\/morinproject-eu.com\/wp-content\/uploads\/2024\/10\/m1-281x300.jpg\" alt=\"\" width=\"383\" height=\"409\" srcset=\"https:\/\/morinproject-eu.com\/wp-content\/uploads\/2024\/10\/m1-281x300.jpg 281w, https:\/\/morinproject-eu.com\/wp-content\/uploads\/2024\/10\/m1.jpg 683w\" sizes=\"(max-width: 383px) 100vw, 383px\" \/><\/p>\t\t\t\t\t\t\t\t<\/div>\n\t\t\t\t<\/div>\n\t\t\t\t\t<\/div>\n\t\t\t\t<\/div>\n\t\t\t\t<\/div>\n\t\t","protected":false},"excerpt":{"rendered":"<p>The project management structure is composed of several bodies whose work is coordinated to make sure that all project activities are realised and results are successfully obtained. The Steering Committee (SC) is the highest management body for the MORIN project. It is composed of 8 members, one person per HEI sitting (the contact person for&hellip;&nbsp;<a href=\"https:\/\/morinproject-eu.com\/?page_id=968\" rel=\"bookmark\">Read More &raquo;<span class=\"screen-reader-text\">Project Management Structure<\/span><\/a><\/p>\n","protected":false},"author":1,"featured_media":0,"parent":0,"menu_order":0,"comment_status":"closed","ping_status":"closed","template":"","meta":{"neve_meta_sidebar":"","neve_meta_container":"","neve_meta_enable_content_width":"off","neve_meta_content_width":100,"neve_meta_title_alignment":"","neve_meta_author_avatar":"","neve_post_elements_order":"","neve_meta_disable_header":"","neve_meta_disable_footer":"","neve_meta_disable_title":"","footnotes":""},"class_list":["post-968","page","type-page","status-publish","hentry"],"yoast_head":"<!-- This site is optimized with the Yoast SEO plugin v27.4 - https:\/\/yoast.com\/product\/yoast-seo-wordpress\/ -->\n<title>Project Management Structure - Morin Project<\/title>\n<meta name=\"robots\" content=\"index, follow, max-snippet:-1, max-image-preview:large, max-video-preview:-1\" \/>\n<link rel=\"canonical\" href=\"https:\/\/morinproject-eu.com\/?page_id=968\" \/>\n<meta property=\"og:locale\" content=\"en_US\" \/>\n<meta property=\"og:type\" content=\"article\" \/>\n<meta property=\"og:title\" content=\"Project Management Structure - Morin Project\" \/>\n<meta property=\"og:description\" content=\"The project management structure is composed of several bodies whose work is coordinated to make sure that all project activities are realised and results are successfully obtained. The Steering Committee (SC) is the highest management body for the MORIN project. It is composed of 8 members, one person per HEI sitting (the contact person for&hellip;&nbsp;Read More &raquo;Project Management Structure\" \/>\n<meta property=\"og:url\" content=\"https:\/\/morinproject-eu.com\/?page_id=968\" \/>\n<meta property=\"og:site_name\" content=\"Morin Project\" \/>\n<meta property=\"article:modified_time\" content=\"2024-10-18T06:43:46+00:00\" \/>\n<meta property=\"og:image\" content=\"https:\/\/morinproject-eu.com\/wp-content\/uploads\/2024\/10\/m1.jpg\" \/>\n\t<meta property=\"og:image:width\" content=\"683\" \/>\n\t<meta property=\"og:image:height\" content=\"730\" \/>\n\t<meta property=\"og:image:type\" content=\"image\/jpeg\" \/>\n<meta name=\"twitter:card\" content=\"summary_large_image\" \/>\n<meta name=\"twitter:label1\" content=\"Est. reading time\" \/>\n\t<meta name=\"twitter:data1\" content=\"2 minutes\" \/>\n<script type=\"application\/ld+json\" class=\"yoast-schema-graph\">{\"@context\":\"https:\\\/\\\/schema.org\",\"@graph\":[{\"@type\":\"WebPage\",\"@id\":\"https:\\\/\\\/morinproject-eu.com\\\/?page_id=968\",\"url\":\"https:\\\/\\\/morinproject-eu.com\\\/?page_id=968\",\"name\":\"Project Management Structure - Morin Project\",\"isPartOf\":{\"@id\":\"https:\\\/\\\/morinproject-eu.com\\\/#website\"},\"primaryImageOfPage\":{\"@id\":\"https:\\\/\\\/morinproject-eu.com\\\/?page_id=968#primaryimage\"},\"image\":{\"@id\":\"https:\\\/\\\/morinproject-eu.com\\\/?page_id=968#primaryimage\"},\"thumbnailUrl\":\"https:\\\/\\\/morinproject-eu.com\\\/wp-content\\\/uploads\\\/2024\\\/10\\\/m1-281x300.jpg\",\"datePublished\":\"2024-10-18T06:37:01+00:00\",\"dateModified\":\"2024-10-18T06:43:46+00:00\",\"breadcrumb\":{\"@id\":\"https:\\\/\\\/morinproject-eu.com\\\/?page_id=968#breadcrumb\"},\"inLanguage\":\"en-US\",\"potentialAction\":[{\"@type\":\"ReadAction\",\"target\":[\"https:\\\/\\\/morinproject-eu.com\\\/?page_id=968\"]}]},{\"@type\":\"ImageObject\",\"inLanguage\":\"en-US\",\"@id\":\"https:\\\/\\\/morinproject-eu.com\\\/?page_id=968#primaryimage\",\"url\":\"https:\\\/\\\/morinproject-eu.com\\\/wp-content\\\/uploads\\\/2024\\\/10\\\/m1.jpg\",\"contentUrl\":\"https:\\\/\\\/morinproject-eu.com\\\/wp-content\\\/uploads\\\/2024\\\/10\\\/m1.jpg\",\"width\":683,\"height\":730},{\"@type\":\"BreadcrumbList\",\"@id\":\"https:\\\/\\\/morinproject-eu.com\\\/?page_id=968#breadcrumb\",\"itemListElement\":[{\"@type\":\"ListItem\",\"position\":1,\"name\":\"Home\",\"item\":\"https:\\\/\\\/morinproject-eu.com\\\/\"},{\"@type\":\"ListItem\",\"position\":2,\"name\":\"Project Management Structure\"}]},{\"@type\":\"WebSite\",\"@id\":\"https:\\\/\\\/morinproject-eu.com\\\/#website\",\"url\":\"https:\\\/\\\/morinproject-eu.com\\\/\",\"name\":\"Morin Project\",\"description\":\"\",\"potentialAction\":[{\"@type\":\"SearchAction\",\"target\":{\"@type\":\"EntryPoint\",\"urlTemplate\":\"https:\\\/\\\/morinproject-eu.com\\\/?s={search_term_string}\"},\"query-input\":{\"@type\":\"PropertyValueSpecification\",\"valueRequired\":true,\"valueName\":\"search_term_string\"}}],\"inLanguage\":\"en-US\"}]}<\/script>\n<!-- \/ Yoast SEO plugin. -->","yoast_head_json":{"title":"Project Management Structure - Morin Project","robots":{"index":"index","follow":"follow","max-snippet":"max-snippet:-1","max-image-preview":"max-image-preview:large","max-video-preview":"max-video-preview:-1"},"canonical":"https:\/\/morinproject-eu.com\/?page_id=968","og_locale":"en_US","og_type":"article","og_title":"Project Management Structure - Morin Project","og_description":"The project management structure is composed of several bodies whose work is coordinated to make sure that all project activities are realised and results are successfully obtained. The Steering Committee (SC) is the highest management body for the MORIN project. It is composed of 8 members, one person per HEI sitting (the contact person for&hellip;&nbsp;Read More &raquo;Project Management Structure","og_url":"https:\/\/morinproject-eu.com\/?page_id=968","og_site_name":"Morin Project","article_modified_time":"2024-10-18T06:43:46+00:00","og_image":[{"width":683,"height":730,"url":"https:\/\/morinproject-eu.com\/wp-content\/uploads\/2024\/10\/m1.jpg","type":"image\/jpeg"}],"twitter_card":"summary_large_image","twitter_misc":{"Est. reading time":"2 minutes"},"schema":{"@context":"https:\/\/schema.org","@graph":[{"@type":"WebPage","@id":"https:\/\/morinproject-eu.com\/?page_id=968","url":"https:\/\/morinproject-eu.com\/?page_id=968","name":"Project Management Structure - Morin Project","isPartOf":{"@id":"https:\/\/morinproject-eu.com\/#website"},"primaryImageOfPage":{"@id":"https:\/\/morinproject-eu.com\/?page_id=968#primaryimage"},"image":{"@id":"https:\/\/morinproject-eu.com\/?page_id=968#primaryimage"},"thumbnailUrl":"https:\/\/morinproject-eu.com\/wp-content\/uploads\/2024\/10\/m1-281x300.jpg","datePublished":"2024-10-18T06:37:01+00:00","dateModified":"2024-10-18T06:43:46+00:00","breadcrumb":{"@id":"https:\/\/morinproject-eu.com\/?page_id=968#breadcrumb"},"inLanguage":"en-US","potentialAction":[{"@type":"ReadAction","target":["https:\/\/morinproject-eu.com\/?page_id=968"]}]},{"@type":"ImageObject","inLanguage":"en-US","@id":"https:\/\/morinproject-eu.com\/?page_id=968#primaryimage","url":"https:\/\/morinproject-eu.com\/wp-content\/uploads\/2024\/10\/m1.jpg","contentUrl":"https:\/\/morinproject-eu.com\/wp-content\/uploads\/2024\/10\/m1.jpg","width":683,"height":730},{"@type":"BreadcrumbList","@id":"https:\/\/morinproject-eu.com\/?page_id=968#breadcrumb","itemListElement":[{"@type":"ListItem","position":1,"name":"Home","item":"https:\/\/morinproject-eu.com\/"},{"@type":"ListItem","position":2,"name":"Project Management Structure"}]},{"@type":"WebSite","@id":"https:\/\/morinproject-eu.com\/#website","url":"https:\/\/morinproject-eu.com\/","name":"Morin Project","description":"","potentialAction":[{"@type":"SearchAction","target":{"@type":"EntryPoint","urlTemplate":"https:\/\/morinproject-eu.com\/?s={search_term_string}"},"query-input":{"@type":"PropertyValueSpecification","valueRequired":true,"valueName":"search_term_string"}}],"inLanguage":"en-US"}]}},"rttpg_featured_image_url":null,"rttpg_author":{"display_name":"admin","author_link":"https:\/\/morinproject-eu.com\/?author=1"},"rttpg_comment":0,"rttpg_category":null,"rttpg_excerpt":"The project management structure is composed of several bodies whose work is coordinated to make sure that all project activities are realised and results are successfully obtained. The Steering Committee (SC) is the highest management body for the MORIN project. It is composed of 8 members, one person per HEI sitting (the contact person for&hellip;&nbsp;Read&hellip;","_links":{"self":[{"href":"https:\/\/morinproject-eu.com\/index.php?rest_route=\/wp\/v2\/pages\/968","targetHints":{"allow":["GET"]}}],"collection":[{"href":"https:\/\/morinproject-eu.com\/index.php?rest_route=\/wp\/v2\/pages"}],"about":[{"href":"https:\/\/morinproject-eu.com\/index.php?rest_route=\/wp\/v2\/types\/page"}],"author":[{"embeddable":true,"href":"https:\/\/morinproject-eu.com\/index.php?rest_route=\/wp\/v2\/users\/1"}],"replies":[{"embeddable":true,"href":"https:\/\/morinproject-eu.com\/index.php?rest_route=%2Fwp%2Fv2%2Fcomments&post=968"}],"version-history":[{"count":19,"href":"https:\/\/morinproject-eu.com\/index.php?rest_route=\/wp\/v2\/pages\/968\/revisions"}],"predecessor-version":[{"id":990,"href":"https:\/\/morinproject-eu.com\/index.php?rest_route=\/wp\/v2\/pages\/968\/revisions\/990"}],"wp:attachment":[{"href":"https:\/\/morinproject-eu.com\/index.php?rest_route=%2Fwp%2Fv2%2Fmedia&parent=968"}],"curies":[{"name":"wp","href":"https:\/\/api.w.org\/{rel}","templated":true}]}}